{"id":467,"date":"2020-09-20T16:48:19","date_gmt":"2020-09-20T14:48:19","guid":{"rendered":"https:\/\/gerccma.com\/?page_id=467"},"modified":"2022-08-08T20:07:10","modified_gmt":"2022-08-08T18:07:10","slug":"g-e-r-c-c-m-a","status":"publish","type":"page","link":"https:\/\/gerccma.com\/","title":{"rendered":"G.E.R.C.C.M.A."},"content":{"rendered":"\t\t<div data-elementor-type=\"wp-page\" data-elementor-id=\"467\" class=\"elementor elementor-467\">\n\t\t\t\t\t\t<div class=\"elementor-inner\">\n\t\t\t\t<div class=\"elementor-section-wrap\">\n\t\t\t\t\t\t\t\t\t<section class=\"elementor-section elementor-top-section elementor-element elementor-element-fc8d8ba elementor-section-full_width elementor-section-content-middle elementor-section-height-default elementor-section-height-default\" data-id=\"fc8d8ba\" data-element_type=\"section\">\n\t\t\t\t\t\t<div class=\"elementor-container elementor-column-gap-default\">\n\t\t\t\t\t\t\t<div class=\"elementor-row\">\n\t\t\t\t\t<div class=\"elementor-column elementor-col-100 elementor-top-column elementor-element elementor-element-7cb94951\" data-id=\"7cb94951\" data-element_type=\"column\">\n\t\t\t<div class=\"elementor-column-wrap elementor-element-populated\">\n\t\t\t\t\t\t\t<div class=\"elementor-widget-wrap\">\n\t\t\t\t\t\t<div class=\"elementor-element elementor-element-7e03246 elementor-widget elementor-widget-text-editor\" data-id=\"7e03246\" data-element_type=\"widget\" data-widget_type=\"text-editor.default\">\n\t\t\t\t<div class=\"elementor-widget-container\">\n\t\t\t\t\t\t\t\t<div class=\"elementor-text-editor elementor-clearfix\">\n\t\t\t\t<p><span style=\"color: #ffffff;\"><span style=\"font-size: 28px;\">El <strong><span style=\"color: #ff0000;\">Grupo de Especialistas en Rescate Canino en Cat\u00e1strofes M\u00e9todo Arc\u00f3n<\/span><\/strong>, se fund\u00f3 en Septiembre de 2010 tras participar algunos de sus miembros en las misiones de los terremotos de Haiti y Chile y comprobar que la forma m\u00e1s r\u00e1pido y efectiva de intervenir en este tipo de siniestros era mediante el instrumento de una ONG dedicada a la b\u00fasqueda de personas sepultadas con vida bajo cualquier elemento.<\/span><\/span><\/p>\n<p><span style=\"color: #ffffff;\"><span style=\"font-size: 28px;\">Todos nuestros gu\u00edas son bomberos profesionales de diferentes servicios profesionales de bomberos.<\/span><\/span><\/p>\t\t\t\t\t<\/div>\n\t\t\t\t\t\t<\/div>\n\t\t\t\t<\/div>\n\t\t\t\t\t\t<\/div>\n\t\t\t\t\t<\/div>\n\t\t<\/div>\n\t\t\t\t<div class=\"elementor-column elementor-col-100 elementor-top-column elementor-element elementor-element-a56d543\" data-id=\"a56d543\" data-element_type=\"column\">\n\t\t\t<div class=\"elementor-column-wrap elementor-element-populated\">\n\t\t\t\t\t\t\t<div class=\"elementor-widget-wrap\">\n\t\t\t\t\t\t<div class=\"elementor-element elementor-element-ef53296 elementor-widget elementor-widget-image\" data-id=\"ef53296\" data-element_type=\"widget\" data-widget_type=\"image.default\">\n\t\t\t\t<div class=\"elementor-widget-container\">\n\t\t\t\t\t\t\t\t<div class=\"elementor-image\">\n\t\t\t\t\t\t\t\t\t\t\t\t<img loading=\"lazy\" decoding=\"async\" width=\"200\" height=\"200\" src=\"https:\/\/gerccma.com\/wp-content\/uploads\/2020\/09\/Logo-GERCCMA-V2-Sin-Fondo-reducido.png\" class=\"attachment-medium size-medium wp-image-278\" alt=\"\" srcset=\"https:\/\/gerccma.com\/wp-content\/uploads\/2020\/09\/Logo-GERCCMA-V2-Sin-Fondo-reducido.png 200w, https:\/\/gerccma.com\/wp-content\/uploads\/2020\/09\/Logo-GERCCMA-V2-Sin-Fondo-reducido-100x100.png 100w, https:\/\/gerccma.com\/wp-content\/uploads\/2020\/09\/Logo-GERCCMA-V2-Sin-Fondo-reducido-150x150.png 150w, https:\/\/gerccma.com\/wp-content\/uploads\/2020\/09\/Logo-GERCCMA-V2-Sin-Fondo-reducido-140x140.png 140w, https:\/\/gerccma.com\/wp-content\/uploads\/2020\/09\/Logo-GERCCMA-V2-Sin-Fondo-reducido-50x50.png 50w, https:\/\/gerccma.com\/wp-content\/uploads\/2020\/09\/Logo-GERCCMA-V2-Sin-Fondo-reducido-80x80.png 80w\" sizes=\"auto, 100vw\" \/>\t\t\t\t\t\t\t\t\t\t\t\t\t\t<\/div>\n\t\t\t\t\t\t<\/div>\n\t\t\t\t<\/div>\n\t\t\t\t\t\t<\/div>\n\t\t\t\t\t<\/div>\n\t\t<\/div>\n\t\t\t\t\t\t\t\t<\/div>\n\t\t\t\t\t<\/div>\n\t\t<\/section>\n\t\t\t\t<section class=\"elementor-section elementor-top-section elementor-element elementor-element-7a173b0 elementor-section-boxed elementor-section-height-default elementor-section-height-default\" data-id=\"7a173b0\" data-element_type=\"section\">\n\t\t\t\t\t\t<div class=\"elementor-container elementor-column-gap-default\">\n\t\t\t\t\t\t\t<div class=\"elementor-row\">\n\t\t\t\t\t<div class=\"elementor-column elementor-col-100 elementor-top-column elementor-element elementor-element-26f70ba\" data-id=\"26f70ba\" data-element_type=\"column\">\n\t\t\t<div class=\"elementor-column-wrap elementor-element-populated\">\n\t\t\t\t\t\t\t<div class=\"elementor-widget-wrap\">\n\t\t\t\t\t\t<div class=\"elementor-element elementor-element-c38b813 elementor-widget elementor-widget-spacer\" data-id=\"c38b813\" data-element_type=\"widget\" data-widget_type=\"spacer.default\">\n\t\t\t\t<div class=\"elementor-widget-container\">\n\t\t\t\t\t<div class=\"elementor-spacer\">\n\t\t\t<div class=\"elementor-spacer-inner\"><\/div>\n\t\t<\/div>\n\t\t\t\t<\/div>\n\t\t\t\t<\/div>\n\t\t\t\t\t\t<\/div>\n\t\t\t\t\t<\/div>\n\t\t<\/div>\n\t\t\t\t\t\t\t\t<\/div>\n\t\t\t\t\t<\/div>\n\t\t<\/section>\n\t\t\t\t<section class=\"elementor-section elementor-top-section elementor-element elementor-element-37572f6 elementor-section-full_width elementor-section-height-default elementor-section-height-default\" data-id=\"37572f6\" data-element_type=\"section\">\n\t\t\t\t\t\t<div class=\"elementor-container elementor-column-gap-default\">\n\t\t\t\t\t\t\t<div class=\"elementor-row\">\n\t\t\t\t\t<div class=\"elementor-column elementor-col-100 elementor-top-column elementor-element elementor-element-d1bf919\" data-id=\"d1bf919\" data-element_type=\"column\">\n\t\t\t<div class=\"elementor-column-wrap elementor-element-populated\">\n\t\t\t\t\t\t\t<div class=\"elementor-widget-wrap\">\n\t\t\t\t\t\t<section class=\"elementor-section elementor-inner-section elementor-element elementor-element-4496475 elementor-section-full_width elementor-section-height-default elementor-section-height-default\" data-id=\"4496475\" data-element_type=\"section\">\n\t\t\t\t\t\t<div class=\"elementor-container elementor-column-gap-default\">\n\t\t\t\t\t\t\t<div class=\"elementor-row\">\n\t\t\t\t\t<div class=\"elementor-column elementor-col-50 elementor-inner-column elementor-element elementor-element-f2be558\" data-id=\"f2be558\" data-element_type=\"column\">\n\t\t\t<div class=\"elementor-column-wrap elementor-element-populated\">\n\t\t\t\t\t\t\t<div class=\"elementor-widget-wrap\">\n\t\t\t\t\t\t<div class=\"elementor-element elementor-element-b3d8b2e elementor-widget elementor-widget-image\" data-id=\"b3d8b2e\" data-element_type=\"widget\" data-widget_type=\"image.default\">\n\t\t\t\t<div class=\"elementor-widget-container\">\n\t\t\t\t\t\t\t\t<div class=\"elementor-image\">\n\t\t\t\t\t\t\t\t\t\t\t\t<img loading=\"lazy\" decoding=\"async\" width=\"525\" height=\"765\" src=\"https:\/\/gerccma.com\/wp-content\/uploads\/2022\/08\/292563999_2316147531872280_8337162408402964015_n.jpg\" class=\"attachment-large size-large wp-image-2122\" alt=\"\" srcset=\"https:\/\/gerccma.com\/wp-content\/uploads\/2022\/08\/292563999_2316147531872280_8337162408402964015_n.jpg 659w, https:\/\/gerccma.com\/wp-content\/uploads\/2022\/08\/292563999_2316147531872280_8337162408402964015_n-206x300.jpg 206w, https:\/\/gerccma.com\/wp-content\/uploads\/2022\/08\/292563999_2316147531872280_8337162408402964015_n-350x510.jpg 350w\" sizes=\"auto, 100vw\" \/>\t\t\t\t\t\t\t\t\t\t\t\t\t\t<\/div>\n\t\t\t\t\t\t<\/div>\n\t\t\t\t<\/div>\n\t\t\t\t\t\t<\/div>\n\t\t\t\t\t<\/div>\n\t\t<\/div>\n\t\t\t\t<div class=\"elementor-column elementor-col-50 elementor-inner-column elementor-element elementor-element-40999be\" data-id=\"40999be\" data-element_type=\"column\">\n\t\t\t<div class=\"elementor-column-wrap elementor-element-populated\">\n\t\t\t\t\t\t\t<div class=\"elementor-widget-wrap\">\n\t\t\t\t\t\t<div class=\"elementor-element elementor-element-5434536 elementor-widget elementor-widget-text-editor\" data-id=\"5434536\" data-element_type=\"widget\" data-widget_type=\"text-editor.default\">\n\t\t\t\t<div class=\"elementor-widget-container\">\n\t\t\t\t\t\t\t\t<div class=\"elementor-text-editor elementor-clearfix\">\n\t\t\t\t<div class=\"kvgmc6g5 cxmmr5t8 oygrvhab hcukyx3x c1et5uql ii04i59q\">\n<div dir=\"auto\">NECESITAMOS TU APOYO PARA HACER POSIBLE UNA FORMACI\u00d3N M\u00c9TODO ARC\u00d3N PARA UCRANIA<\/div><div dir=\"auto\"><br><\/div>\n<\/div>\n<div class=\"cxmmr5t8 oygrvhab hcukyx3x c1et5uql o9v6fnle ii04i59q\">\n<div dir=\"auto\">Del 14 de Julio al 2 de agosto durante 21 d\u00edas ininterrumpidos debido al car\u00e1cter excepcional de la guerra que sufre Ucrania se va a realizar una acci\u00f3n formativa encaminada a que instructores especialistas en b\u00fasqueda y detecci\u00f3n canina y perros de rescate de UCRANIA se formen con el M\u00e9todo Arc\u00f3n para de esa forma optimizar la eficacia de las tareas de b\u00fasqueda de supervivientes entre los escombros de los edificios derrumbados y adem\u00e1s estos especialistas Instructores en su pa\u00eds y de forma excepcional, para replicar esta formaci\u00f3n M\u00e9todo Arc\u00f3n con otros equipos caninos de rescate de Ucrania para de esta manera poder potenciar el salvamento de las v\u00edctimas de la guerra.<\/div><div dir=\"auto\"><br><\/div>\n<\/div>\n<div class=\"cxmmr5t8 oygrvhab hcukyx3x c1et5uql o9v6fnle ii04i59q\">\n<div dir=\"auto\">Necesitamos tu colaboraci\u00f3n para gestionar los gastos de desplazamiento, alojamiento y alimentaci\u00f3n de Instructores, alumnos, traductora y colaboradores<\/div>\n<\/div>\n<div class=\"cxmmr5t8 oygrvhab hcukyx3x c1et5uql o9v6fnle ii04i59q\">\n<div dir=\"auto\">Ni instructores ni colaboradores percibir\u00e1n retribuci\u00f3n alguna por la realizaci\u00f3n de esta formaci\u00f3n.<\/div><div dir=\"auto\"><br><\/div>\n<\/div>\n<div class=\"cxmmr5t8 oygrvhab hcukyx3x c1et5uql o9v6fnle ii04i59q\">\n<div dir=\"auto\">Apoya este proyecto con una aportaci\u00f3n solidaria en la CTA:<\/div><div dir=\"auto\"><br><\/div>\n<\/div>\n<div class=\"cxmmr5t8 oygrvhab hcukyx3x c1et5uql o9v6fnle ii04i59q\">\n<div dir=\"auto\">ES66 2100 8407 7002 0008 4794<\/div><div dir=\"auto\"><br><\/div>\n<\/div>\n<div class=\"cxmmr5t8 oygrvhab hcukyx3x c1et5uql o9v6fnle ii04i59q\">\n<div dir=\"auto\">Gracias por ay\u00fadanos a salvar vidas.<\/div>\n<\/div>\t\t\t\t\t<\/div>\n\t\t\t\t\t\t<\/div>\n\t\t\t\t<\/div>\n\t\t\t\t\t\t<\/div>\n\t\t\t\t\t<\/div>\n\t\t<\/div>\n\t\t\t\t\t\t\t\t<\/div>\n\t\t\t\t\t<\/div>\n\t\t<\/section>\n\t\t\t\t\t\t<\/div>\n\t\t\t\t\t<\/div>\n\t\t<\/div>\n\t\t\t\t\t\t\t\t<\/div>\n\t\t\t\t\t<\/div>\n\t\t<\/section>\n\t\t\t\t\t\t\t\t\t<\/div>\n\t\t\t<\/div>\n\t\t\t\t\t<\/div>\n\t\t","protected":false},"excerpt":{"rendered":"<p>El Grupo de Especialistas en Rescate Canino en Cat\u00e1strofes M\u00e9todo Arc\u00f3n, se fund\u00f3 en Septiembre de 2010 tras participar algunos de sus miembros en las misiones de los terremotos de Haiti y Chile y comprobar que la forma m\u00e1s r\u00e1pido y efectiva de intervenir en este tipo de siniestros era mediante el instrumento de una &hellip; <\/p>\n<p class=\"link-more\"><a href=\"https:\/\/gerccma.com\/\" class=\"more-link\">Continuar leyendo<span class=\"screen-reader-text\"> \u00abG.E.R.C.C.M.A.\u00bb<\/span><\/a><\/p>\n","protected":false},"author":1,"featured_media":52,"parent":0,"menu_order":0,"comment_status":"closed","ping_status":"closed","template":"","meta":{"footnotes":""},"class_list":["post-467","page","type-page","status-publish","has-post-thumbnail","hentry"],"_links":{"self":[{"href":"https:\/\/gerccma.com\/index.php\/wp-json\/wp\/v2\/pages\/467","targetHints":{"allow":["GET"]}}],"collection":[{"href":"https:\/\/gerccma.com\/index.php\/wp-json\/wp\/v2\/pages"}],"about":[{"href":"https:\/\/gerccma.com\/index.php\/wp-json\/wp\/v2\/types\/page"}],"author":[{"embeddable":true,"href":"https:\/\/gerccma.com\/index.php\/wp-json\/wp\/v2\/users\/1"}],"replies":[{"embeddable":true,"href":"https:\/\/gerccma.com\/index.php\/wp-json\/wp\/v2\/comments?post=467"}],"version-history":[{"count":79,"href":"https:\/\/gerccma.com\/index.php\/wp-json\/wp\/v2\/pages\/467\/revisions"}],"predecessor-version":[{"id":2125,"href":"https:\/\/gerccma.com\/index.php\/wp-json\/wp\/v2\/pages\/467\/revisions\/2125"}],"wp:featuredmedia":[{"embeddable":true,"href":"https:\/\/gerccma.com\/index.php\/wp-json\/wp\/v2\/media\/52"}],"wp:attachment":[{"href":"https:\/\/gerccma.com\/index.php\/wp-json\/wp\/v2\/media?parent=467"}],"curies":[{"name":"wp","href":"https:\/\/api.w.org\/{rel}","templated":true}]}}