{"id":39,"date":"2020-09-16T09:29:10","date_gmt":"2020-09-16T07:29:10","guid":{"rendered":"http:\/\/gerccma.com\/?page_id=39"},"modified":"2020-11-07T19:36:22","modified_gmt":"2020-11-07T18:36:22","slug":"intervenciones","status":"publish","type":"page","link":"https:\/\/gerccma.com\/index.php\/intervenciones\/","title":{"rendered":"Intervenciones"},"content":{"rendered":"\t\t<div data-elementor-type=\"wp-page\" data-elementor-id=\"39\" class=\"elementor elementor-39\">\n\t\t\t\t\t\t<div class=\"elementor-inner\">\n\t\t\t\t<div class=\"elementor-section-wrap\">\n\t\t\t\t\t\t\t\t\t<section class=\"elementor-section elementor-top-section elementor-element elementor-element-a87bcef elementor-section-boxed elementor-section-height-default elementor-section-height-default\" data-id=\"a87bcef\" data-element_type=\"section\">\n\t\t\t\t\t\t<div class=\"elementor-container elementor-column-gap-default\">\n\t\t\t\t\t\t\t<div class=\"elementor-row\">\n\t\t\t\t\t<div class=\"elementor-column elementor-col-50 elementor-top-column elementor-element elementor-element-dbcd4ba\" data-id=\"dbcd4ba\" data-element_type=\"column\">\n\t\t\t<div class=\"elementor-column-wrap elementor-element-populated\">\n\t\t\t\t\t\t\t<div class=\"elementor-widget-wrap\">\n\t\t\t\t\t\t<div class=\"elementor-element elementor-element-9fad15a elementor-position-top elementor-vertical-align-top elementor-widget elementor-widget-image-box\" data-id=\"9fad15a\" data-element_type=\"widget\" data-widget_type=\"image-box.default\">\n\t\t\t\t<div class=\"elementor-widget-container\">\n\t\t\t<div class=\"elementor-image-box-wrapper\"><figure class=\"elementor-image-box-img\"><a href=\"https:\/\/gerccma.com\/index.php\/explosion-beirut-2020\/\"><img loading=\"lazy\" decoding=\"async\" width=\"1024\" height=\"576\" src=\"https:\/\/gerccma.com\/wp-content\/uploads\/2020\/09\/WhatsApp-Image-2020-08-09-at-17.59.55-1.jpeg\" class=\"attachment-full size-full wp-image-156\" alt=\"\" srcset=\"https:\/\/gerccma.com\/wp-content\/uploads\/2020\/09\/WhatsApp-Image-2020-08-09-at-17.59.55-1.jpeg 1024w, https:\/\/gerccma.com\/wp-content\/uploads\/2020\/09\/WhatsApp-Image-2020-08-09-at-17.59.55-1-350x197.jpeg 350w, https:\/\/gerccma.com\/wp-content\/uploads\/2020\/09\/WhatsApp-Image-2020-08-09-at-17.59.55-1-300x169.jpeg 300w, https:\/\/gerccma.com\/wp-content\/uploads\/2020\/09\/WhatsApp-Image-2020-08-09-at-17.59.55-1-768x432.jpeg 768w\" sizes=\"auto, (max-width: 706px) 89vw, (max-width: 767px) 82vw, 740px\" \/><\/a><\/figure><div class=\"elementor-image-box-content\"><h3 class=\"elementor-image-box-title\"><a href=\"https:\/\/gerccma.com\/index.php\/explosion-beirut-2020\/\">Explosi\u00f3n Beirut 2020<\/a><\/h3><\/div><\/div>\t\t<\/div>\n\t\t\t\t<\/div>\n\t\t\t\t\t\t<\/div>\n\t\t\t\t\t<\/div>\n\t\t<\/div>\n\t\t\t\t<div class=\"elementor-column elementor-col-50 elementor-top-column elementor-element elementor-element-a1d2995\" data-id=\"a1d2995\" data-element_type=\"column\">\n\t\t\t<div class=\"elementor-column-wrap elementor-element-populated\">\n\t\t\t\t\t\t\t<div class=\"elementor-widget-wrap\">\n\t\t\t\t\t\t<div class=\"elementor-element elementor-element-4c1d0c6 elementor-position-top elementor-vertical-align-top elementor-widget elementor-widget-image-box\" data-id=\"4c1d0c6\" data-element_type=\"widget\" data-widget_type=\"image-box.default\">\n\t\t\t\t<div class=\"elementor-widget-container\">\n\t\t\t<div class=\"elementor-image-box-wrapper\"><figure class=\"elementor-image-box-img\"><a href=\"https:\/\/gerccma.com\/index.php\/terremoto-mexico-2017\/\"><img loading=\"lazy\" decoding=\"async\" width=\"1280\" height=\"720\" src=\"https:\/\/gerccma.com\/wp-content\/uploads\/2020\/09\/mexico-terremoto-gerccma.jpg\" class=\"attachment-full size-full wp-image-230\" alt=\"\" srcset=\"https:\/\/gerccma.com\/wp-content\/uploads\/2020\/09\/mexico-terremoto-gerccma.jpg 1280w, https:\/\/gerccma.com\/wp-content\/uploads\/2020\/09\/mexico-terremoto-gerccma-350x197.jpg 350w, https:\/\/gerccma.com\/wp-content\/uploads\/2020\/09\/mexico-terremoto-gerccma-300x169.jpg 300w, https:\/\/gerccma.com\/wp-content\/uploads\/2020\/09\/mexico-terremoto-gerccma-1024x576.jpg 1024w, https:\/\/gerccma.com\/wp-content\/uploads\/2020\/09\/mexico-terremoto-gerccma-768x432.jpg 768w\" sizes=\"auto, (max-width: 706px) 89vw, (max-width: 767px) 82vw, 740px\" \/><\/a><\/figure><div class=\"elementor-image-box-content\"><h3 class=\"elementor-image-box-title\"><a href=\"https:\/\/gerccma.com\/index.php\/terremoto-mexico-2017\/\">Terremoto M\u00e9xico 2017<\/a><\/h3><\/div><\/div>\t\t<\/div>\n\t\t\t\t<\/div>\n\t\t\t\t\t\t<\/div>\n\t\t\t\t\t<\/div>\n\t\t<\/div>\n\t\t\t\t\t\t\t\t<\/div>\n\t\t\t\t\t<\/div>\n\t\t<\/section>\n\t\t\t\t<section class=\"elementor-section elementor-top-section elementor-element elementor-element-b0c893d elementor-section-boxed elementor-section-height-default elementor-section-height-default\" data-id=\"b0c893d\" data-element_type=\"section\">\n\t\t\t\t\t\t<div class=\"elementor-container elementor-column-gap-default\">\n\t\t\t\t\t\t\t<div class=\"elementor-row\">\n\t\t\t\t\t<div class=\"elementor-column elementor-col-50 elementor-top-column elementor-element elementor-element-c60d22c\" data-id=\"c60d22c\" data-element_type=\"column\">\n\t\t\t<div class=\"elementor-column-wrap elementor-element-populated\">\n\t\t\t\t\t\t\t<div class=\"elementor-widget-wrap\">\n\t\t\t\t\t\t<div class=\"elementor-element elementor-element-e30ea66 elementor-position-top elementor-vertical-align-top elementor-widget elementor-widget-image-box\" data-id=\"e30ea66\" data-element_type=\"widget\" data-widget_type=\"image-box.default\">\n\t\t\t\t<div class=\"elementor-widget-container\">\n\t\t\t<div class=\"elementor-image-box-wrapper\"><figure class=\"elementor-image-box-img\"><a href=\"https:\/\/gerccma.com\/index.php\/terremoto-ecuador-2016\/\"><img decoding=\"async\" src=\"https:\/\/gerccma.com\/wp-content\/uploads\/elementor\/thumbs\/WhatsApp-Image-2018-09-09-at-11.41.57-ovjh111c44tgl4if3q5ibvqf6hmarelwh5hn8bc8to.jpeg\" title=\"Terremoto de ecuador gerccma\" alt=\"Terremoto de ecuador gerccma\" loading=\"lazy\" \/><\/a><\/figure><div class=\"elementor-image-box-content\"><h3 class=\"elementor-image-box-title\"><a href=\"https:\/\/gerccma.com\/index.php\/terremoto-ecuador-2016\/\">Terremoto Ecuador 2016<\/a><\/h3><\/div><\/div>\t\t<\/div>\n\t\t\t\t<\/div>\n\t\t\t\t\t\t<\/div>\n\t\t\t\t\t<\/div>\n\t\t<\/div>\n\t\t\t\t<div class=\"elementor-column elementor-col-50 elementor-top-column elementor-element elementor-element-e5ebef2\" data-id=\"e5ebef2\" data-element_type=\"column\">\n\t\t\t<div class=\"elementor-column-wrap elementor-element-populated\">\n\t\t\t\t\t\t\t<div class=\"elementor-widget-wrap\">\n\t\t\t\t\t\t<div class=\"elementor-element elementor-element-7b88599 elementor-position-top elementor-vertical-align-top elementor-widget elementor-widget-image-box\" data-id=\"7b88599\" data-element_type=\"widget\" data-widget_type=\"image-box.default\">\n\t\t\t\t<div class=\"elementor-widget-container\">\n\t\t\t<div class=\"elementor-image-box-wrapper\"><figure class=\"elementor-image-box-img\"><a href=\"https:\/\/gerccma.com\/index.php\/terremoto-haiti-2010\/\"><img decoding=\"async\" src=\"https:\/\/gerccma.com\/wp-content\/uploads\/elementor\/thumbs\/IMG-20170816-WA0005-ow9oyjacv4xjhbt0svrufpohgfvdzhuhj93v1jcvco.jpg\" title=\"IMG-20170816-WA0005\" alt=\"IMG-20170816-WA0005\" loading=\"lazy\" \/><\/a><\/figure><div class=\"elementor-image-box-content\"><h3 class=\"elementor-image-box-title\"><a href=\"https:\/\/gerccma.com\/index.php\/terremoto-haiti-2010\/\">Terremoto Hait\u00ed 2010<\/a><\/h3><\/div><\/div>\t\t<\/div>\n\t\t\t\t<\/div>\n\t\t\t\t\t\t<\/div>\n\t\t\t\t\t<\/div>\n\t\t<\/div>\n\t\t\t\t\t\t\t\t<\/div>\n\t\t\t\t\t<\/div>\n\t\t<\/section>\n\t\t\t\t<section class=\"elementor-section elementor-top-section elementor-element elementor-element-f0edd1e elementor-section-boxed elementor-section-height-default elementor-section-height-default\" data-id=\"f0edd1e\" data-element_type=\"section\">\n\t\t\t\t\t\t<div class=\"elementor-container elementor-column-gap-default\">\n\t\t\t\t\t\t\t<div class=\"elementor-row\">\n\t\t\t\t\t<div class=\"elementor-column elementor-col-50 elementor-top-column elementor-element elementor-element-4fc1cdd\" data-id=\"4fc1cdd\" data-element_type=\"column\">\n\t\t\t<div class=\"elementor-column-wrap elementor-element-populated\">\n\t\t\t\t\t\t\t<div class=\"elementor-widget-wrap\">\n\t\t\t\t\t\t<div class=\"elementor-element elementor-element-12c7da5 elementor-position-top elementor-vertical-align-top elementor-widget elementor-widget-image-box\" data-id=\"12c7da5\" data-element_type=\"widget\" data-widget_type=\"image-box.default\">\n\t\t\t\t<div class=\"elementor-widget-container\">\n\t\t\t<div class=\"elementor-image-box-wrapper\"><figure class=\"elementor-image-box-img\"><a href=\"https:\/\/gerccma.com\/index.php\/terremoto-chile-2010\/\"><img decoding=\"async\" src=\"https:\/\/gerccma.com\/wp-content\/uploads\/elementor\/thumbs\/terremoto-chile-owl1r1fmhqq2ktxlx7jpslw0thbkrtc45xeyqwbang.jpg\" title=\"terremoto chile gerccma\" alt=\"terremoto chile gerccma\" loading=\"lazy\" \/><\/a><\/figure><div class=\"elementor-image-box-content\"><h3 class=\"elementor-image-box-title\"><a href=\"https:\/\/gerccma.com\/index.php\/terremoto-chile-2010\/\">Terremoto Chile 2010<\/a><\/h3><\/div><\/div>\t\t<\/div>\n\t\t\t\t<\/div>\n\t\t\t\t\t\t<\/div>\n\t\t\t\t\t<\/div>\n\t\t<\/div>\n\t\t\t\t<div class=\"elementor-column elementor-col-50 elementor-top-column elementor-element elementor-element-6df57da\" data-id=\"6df57da\" data-element_type=\"column\">\n\t\t\t<div class=\"elementor-column-wrap elementor-element-populated\">\n\t\t\t\t\t\t\t<div class=\"elementor-widget-wrap\">\n\t\t\t\t\t\t<div class=\"elementor-element elementor-element-16776bb elementor-position-top elementor-vertical-align-top elementor-widget elementor-widget-image-box\" data-id=\"16776bb\" data-element_type=\"widget\" data-widget_type=\"image-box.default\">\n\t\t\t\t<div class=\"elementor-widget-container\">\n\t\t\t<div class=\"elementor-image-box-wrapper\"><figure class=\"elementor-image-box-img\"><a href=\"https:\/\/gerccma.com\/index.php\/terremoto-pakistan-2005\/\"><img decoding=\"async\" src=\"https:\/\/gerccma.com\/wp-content\/uploads\/elementor\/thumbs\/terremoto-pakistan-2-owl1rhevpxbntwm95v457fxuq3wprq3yldraw4e46w.jpg\" title=\"terremoto pakistan 2\" alt=\"terremoto pakistan 2\" loading=\"lazy\" \/><\/a><\/figure><div class=\"elementor-image-box-content\"><h3 class=\"elementor-image-box-title\"><a href=\"https:\/\/gerccma.com\/index.php\/terremoto-pakistan-2005\/\">Terremoto Pakist\u00e1n 2005<\/a><\/h3><\/div><\/div>\t\t<\/div>\n\t\t\t\t<\/div>\n\t\t\t\t\t\t<\/div>\n\t\t\t\t\t<\/div>\n\t\t<\/div>\n\t\t\t\t\t\t\t\t<\/div>\n\t\t\t\t\t<\/div>\n\t\t<\/section>\n\t\t\t\t<section class=\"elementor-section elementor-top-section elementor-element elementor-element-77522f7 elementor-section-boxed elementor-section-height-default elementor-section-height-default\" data-id=\"77522f7\" data-element_type=\"section\">\n\t\t\t\t\t\t<div class=\"elementor-container elementor-column-gap-default\">\n\t\t\t\t\t\t\t<div class=\"elementor-row\">\n\t\t\t\t\t<div class=\"elementor-column elementor-col-100 elementor-top-column elementor-element elementor-element-986997f\" data-id=\"986997f\" data-element_type=\"column\">\n\t\t\t<div class=\"elementor-column-wrap elementor-element-populated\">\n\t\t\t\t\t\t\t<div class=\"elementor-widget-wrap\">\n\t\t\t\t\t\t<div class=\"elementor-element elementor-element-2b1ea6c elementor-position-top elementor-vertical-align-top elementor-widget elementor-widget-image-box\" data-id=\"2b1ea6c\" data-element_type=\"widget\" data-widget_type=\"image-box.default\">\n\t\t\t\t<div class=\"elementor-widget-container\">\n\t\t\t<div class=\"elementor-image-box-wrapper\"><figure class=\"elementor-image-box-img\"><a href=\"https:\/\/gerccma.com\/index.php\/terremoto-turquia-1999\/\"><img loading=\"lazy\" decoding=\"async\" width=\"225\" height=\"300\" src=\"https:\/\/gerccma.com\/wp-content\/uploads\/2020\/10\/WhatsApp-Image-2017-09-18-at-10.36.53-225x300.jpeg\" class=\"attachment-medium size-medium wp-image-820\" alt=\"\" srcset=\"https:\/\/gerccma.com\/wp-content\/uploads\/2020\/10\/WhatsApp-Image-2017-09-18-at-10.36.53-225x300.jpeg 225w, https:\/\/gerccma.com\/wp-content\/uploads\/2020\/10\/WhatsApp-Image-2017-09-18-at-10.36.53-350x467.jpeg 350w, https:\/\/gerccma.com\/wp-content\/uploads\/2020\/10\/WhatsApp-Image-2017-09-18-at-10.36.53-768x1024.jpeg 768w, https:\/\/gerccma.com\/wp-content\/uploads\/2020\/10\/WhatsApp-Image-2017-09-18-at-10.36.53-1152x1536.jpeg 1152w, https:\/\/gerccma.com\/wp-content\/uploads\/2020\/10\/WhatsApp-Image-2017-09-18-at-10.36.53.jpeg 1200w\" sizes=\"auto, (max-width: 225px) 100vw, 225px\" \/><\/a><\/figure><div class=\"elementor-image-box-content\"><h3 class=\"elementor-image-box-title\"><a href=\"https:\/\/gerccma.com\/index.php\/terremoto-turquia-1999\/\">Terremoto Turqu\u00eda 1999<\/a><\/h3><\/div><\/div>\t\t<\/div>\n\t\t\t\t<\/div>\n\t\t\t\t\t\t<\/div>\n\t\t\t\t\t<\/div>\n\t\t<\/div>\n\t\t\t\t\t\t\t\t<\/div>\n\t\t\t\t\t<\/div>\n\t\t<\/section>\n\t\t\t\t\t\t\t\t\t<\/div>\n\t\t\t<\/div>\n\t\t\t\t\t<\/div>\n\t\t","protected":false},"excerpt":{"rendered":"<p>Explosi\u00f3n Beirut 2020 Terremoto M\u00e9xico 2017 Terremoto Ecuador 2016 Terremoto Hait\u00ed 2010 Terremoto Chile 2010 Terremoto Pakist\u00e1n 2005 Terremoto Turqu\u00eda 1999<\/p>\n","protected":false},"author":1,"featured_media":0,"parent":0,"menu_order":0,"comment_status":"closed","ping_status":"closed","template":"","meta":{"footnotes":""},"class_list":["post-39","page","type-page","status-publish","hentry"],"_links":{"self":[{"href":"https:\/\/gerccma.com\/index.php\/wp-json\/wp\/v2\/pages\/39","targetHints":{"allow":["GET"]}}],"collection":[{"href":"https:\/\/gerccma.com\/index.php\/wp-json\/wp\/v2\/pages"}],"about":[{"href":"https:\/\/gerccma.com\/index.php\/wp-json\/wp\/v2\/types\/page"}],"author":[{"embeddable":true,"href":"https:\/\/gerccma.com\/index.php\/wp-json\/wp\/v2\/users\/1"}],"replies":[{"embeddable":true,"href":"https:\/\/gerccma.com\/index.php\/wp-json\/wp\/v2\/comments?post=39"}],"version-history":[{"count":71,"href":"https:\/\/gerccma.com\/index.php\/wp-json\/wp\/v2\/pages\/39\/revisions"}],"predecessor-version":[{"id":1318,"href":"https:\/\/gerccma.com\/index.php\/wp-json\/wp\/v2\/pages\/39\/revisions\/1318"}],"wp:attachment":[{"href":"https:\/\/gerccma.com\/index.php\/wp-json\/wp\/v2\/media?parent=39"}],"curies":[{"name":"wp","href":"https:\/\/api.w.org\/{rel}","templated":true}]}}